{"id":869,"date":"2026-03-08T04:37:22","date_gmt":"2026-03-08T04:37:22","guid":{"rendered":"https:\/\/www.muhrucevher.com\/?post_type=product&#038;p=869"},"modified":"2026-03-24T21:38:01","modified_gmt":"2026-03-24T21:38:01","slug":"tekamul-el-isi-sedef-kakma-sanati-tamamen-kisiye-ozel-925-ayar-gumus","status":"publish","type":"product","link":"https:\/\/www.muhrucevher.com\/index.php\/urun\/tekamul-el-isi-sedef-kakma-sanati-tamamen-kisiye-ozel-925-ayar-gumus\/","title":{"rendered":"Tekam\u00fcl | Sel\u00e7uklu Sonsuzluk Y\u0131ld\u0131z\u0131 El \u0130\u015fi Sedef Kakma Sanat\u0131 | Yan Ta\u015flar Swarowski | Tamamen Ki\u015fiye \u00d6zel | 925 Ayar G\u00fcm\u00fc\u015f"},"content":{"rendered":"<p data-pm-slice=\"0 0 []\"><strong>Tekam\u00fcl\u00a0 Sedef \u0130\u015flemeli \u00d6zel Seri\u00a0<\/strong><\/p>\n<p data-pm-slice=\"0 0 []\">Geleneksel el sanatlar\u0131n\u0131n zarafeti ile modern tasar\u0131m anlay\u0131\u015f\u0131n\u0131 bir araya getiren bu \u00f6zel y\u00fcz\u00fck, ta\u015f sedef kakma sanat\u0131yla ince ince i\u015flenmi\u015ftir. Usta i\u015f\u00e7ilikle ilmek ilmek nak\u015fedilen y\u00fczeyinde, tarih\u00ee anlam\u0131 ve g\u00fc\u00e7l\u00fc sembolizmiyle bilinen Sel\u00e7uklu Y\u0131ld\u0131z\u0131 motifi yer al\u0131r. Bu motif, Sel\u00e7uklu miras\u0131n\u0131n estetik ve k\u00fclt\u00fcrel zenginli\u011fini g\u00fcn\u00fcm\u00fcze ta\u015f\u0131yan \u00f6nemli bir sembold\u00fcr.<\/p>\n<p>Farkl\u0131 ve \u00f6zg\u00fcn tasar\u0131mlardan ho\u015flananlar i\u00e7in al\u0131\u015f\u0131lm\u0131\u015f\u0131n d\u0131\u015f\u0131nda bir tarzla haz\u0131rlanan y\u00fcz\u00fc\u011f\u00fcn kenarlar\u0131nda, ge\u00e7mi\u015ften g\u00fcn\u00fcm\u00fcze uyarlanm\u0131\u015f modern motifler kullan\u0131lm\u0131\u015ft\u0131r. Tasar\u0131m\u0131n zarafetini tamamlayan Swarovski ta\u015flar ise el mihlamas\u0131 tekni\u011fi ile tek tek yerle\u015ftirilmi\u015f olup y\u00fcz\u00fc\u011fe \u0131\u015f\u0131lt\u0131l\u0131 ve de\u011ferli bir g\u00f6r\u00fcn\u00fcm kazand\u0131r\u0131r.<\/p>\n<p>Geleneksel sanat\u0131n inceli\u011fini, modern estetikle birle\u015ftiren bu y\u00fcz\u00fck; hem g\u00fcnl\u00fck kullan\u0131mda dikkat \u00e7ekici bir aksesuar hem de koleksiyon de\u011feri ta\u015f\u0131yan \u00f6zel bir par\u00e7ad\u0131r. Sanat\u0131, tarihi ve zarafeti bir arada ta\u015f\u0131mak isteyenler i\u00e7in anlaml\u0131 ve \u00f6zg\u00fcn bir tasar\u0131m sunar.<\/p>\n<p data-start=\"636\" data-end=\"815\">Kasa : 925 Ayar G\u00fcm\u00fc\u015f , S\u00fcslemeler : 925 Ayar G\u00fcm\u00fc\u015f ve Pirin\u00e7 . Ta\u015flar : Svarowski<\/p>\n<p><strong>Tamamen el yap\u0131m\u0131d\u0131r. Ki\u015fiye \u00f6zel \u00fcretim yap\u0131lmaktad\u0131r bu sebeple tasar\u0131m\u0131 iste\u011finize g\u00f6re \u015fekillendirebiliriz. Ki\u015fiye \u00f6zel yap\u0131ld\u0131\u011f\u0131 i\u00e7in iade ve de\u011fi\u015fim s\u00f6z konusu de\u011fildir.<\/strong><\/p>\n<p>Ki\u015file\u015ftirmeler \u015fu \u015fekilde yap\u0131l\u0131r :<\/p>\n<p>Yan taraf motif de\u011fi\u015fiklikleri, ve genel renk de\u011fi\u015fiklikleri.<\/p>\n<p>\u00dcretim \u00f6ncesinde tasar\u0131m \u00e7izimi g\u00f6nderilerek onay al\u0131n\u0131r, b\u00f6ylece tamamen size \u00f6zel bir eser ortaya \u00e7\u0131kar.<\/p>\n","protected":false},"excerpt":{"rendered":"<p data-pm-slice=\"0 0 []\"><strong>Tekam\u00fcl\u00a0<\/strong><\/p>\n<p data-pm-slice=\"0 0 []\">Ta\u015f sedef kakma sanat\u0131yla \u00f6zenle i\u015flenen bu y\u00fcz\u00fckte, \u00f6zel Sel\u00e7uklu Y\u0131ld\u0131z\u0131 motifi yer al\u0131r. Modern dokunu\u015flarla tasarlanan y\u00fcz\u00fckte, kenarlara i\u015flenen motifler ve el mihlamas\u0131yla yerle\u015ftirilen Swarovski ta\u015flar \u00fcr\u00fcne zarif ve koleksiyonluk bir de\u011fer katar.<\/p>\n<p data-pm-slice=\"0 0 []\"><strong>\u00dcr\u00fcn Videosunu \u0130zlemek \u0130\u00e7in Linke T\u0131klay\u0131n\u00a0<a href=\"https:\/\/www.instagram.com\/p\/DBmbNUMObHl\/?img_index=1\">Tekam\u00fcl<\/a><\/strong><\/p>\n<h4><strong>Sipari\u015f ve Bilgi A\u00e7\u0131klamas\u0131 ( L\u00fctfen Okuyunuz!)<\/strong><\/h4>\n<p><strong>\u00dcr\u00fcn el i\u015f\u00e7ili\u011fi ve ki\u015fiye \u00f6zel \u00fcretim oldu\u011fu i\u00e7in iade ve de\u011fi\u015fim s\u00f6z konusu de\u011fildir.<\/strong><br \/>\n<strong>Ortalama \u00fcretim s\u00fcresi \u00f6deme sonras\u0131 2-3 hafta aras\u0131ndad\u0131r<\/strong>.<br \/>\n<strong>L\u00fctfen sipari\u015f \u00f6deme k\u0131sm\u0131nda \u00f6n\u00fcn\u00fcze \u00e7\u0131kacak alana \u00fcr\u00fcn\u00fc nas\u0131l istedi\u011finize dair detayl\u0131 bilgi verin.<\/strong><br \/>\nL\u00fctfen parmak \u00f6l\u00e7\u00fcn\u00fcz\u00fc\u00a0 do\u011fru bir \u015fekilde verin. Parmak \u00f6l\u00e7\u00fcs\u00fc yanl\u0131\u015f bilgilendirilimesi sonucunda olu\u015facak hatalar tamamen m\u00fc\u015fteriye ait kusurlar sebebidir. <strong>Revize tamir yada d\u00fczeltme i\u00e7in \u00e7\u0131kan kargo \u00fccretleri gidi\u015f ve d\u00f6n\u00fc\u015f olmak \u00fczere m\u00fc\u015fteri taraf\u0131ndan \u00f6denir.<\/strong><\/p>\n<p>&nbsp;<\/p>\n","protected":false},"featured_media":902,"template":"","meta":{"_seopress_robots_primary_cat":"","_seopress_titles_title":"","_seopress_titles_desc":"","_seopress_robots_index":"","_kad_post_transparent":"default","_kad_post_title":"","_kad_post_layout":"default","_kad_post_sidebar_id":"","_kad_post_content_style":"default","_kad_post_vertical_padding":"default","_kad_post_feature":"","_kad_post_feature_position":"","_kad_post_header":false,"_kad_post_footer":false,"_kad_post_classname":"","_vp_format_video_url":"","_vp_image_focal_point":[]},"product_brand":[29],"product_cat":[17,15,31,23],"product_tag":[],"class_list":{"0":"post-869","1":"product","2":"type-product","3":"status-publish","4":"has-post-thumbnail","6":"product_brand-muhr-u-cevher","7":"product_cat-erkek","8":"product_cat-genel","9":"product_cat-ozel-koleksiyonlar","10":"product_cat-yuzuk","12":"first","13":"instock","14":"shipping-taxable","15":"purchasable","16":"product-type-variable","17":"entry","18":"content-bg","19":"loop-entry"},"_links":{"self":[{"href":"https:\/\/www.muhrucevher.com\/index.php\/wp-json\/wp\/v2\/product\/869","targetHints":{"allow":["GET"]}}],"collection":[{"href":"https:\/\/www.muhrucevher.com\/index.php\/wp-json\/wp\/v2\/product"}],"about":[{"href":"https:\/\/www.muhrucevher.com\/index.php\/wp-json\/wp\/v2\/types\/product"}],"wp:featuredmedia":[{"embeddable":true,"href":"https:\/\/www.muhrucevher.com\/index.php\/wp-json\/wp\/v2\/media\/902"}],"wp:attachment":[{"href":"https:\/\/www.muhrucevher.com\/index.php\/wp-json\/wp\/v2\/media?parent=869"}],"wp:term":[{"taxonomy":"product_brand","embeddable":true,"href":"https:\/\/www.muhrucevher.com\/index.php\/wp-json\/wp\/v2\/product_brand?post=869"},{"taxonomy":"product_cat","embeddable":true,"href":"https:\/\/www.muhrucevher.com\/index.php\/wp-json\/wp\/v2\/product_cat?post=869"},{"taxonomy":"product_tag","embeddable":true,"href":"https:\/\/www.muhrucevher.com\/index.php\/wp-json\/wp\/v2\/product_tag?post=869"}],"curies":[{"name":"wp","href":"https:\/\/api.w.org\/{rel}","templated":true}]}}