{"id":799,"date":"2026-03-08T03:20:38","date_gmt":"2026-03-08T03:20:38","guid":{"rendered":"https:\/\/www.muhrucevher.com\/?post_type=product&#038;p=799"},"modified":"2026-03-24T21:17:46","modified_gmt":"2026-03-24T21:17:46","slug":"hud-festakim-kema-umirte-sana-emredildigi-gibi-dosdogru-ol-kalem-isi-suslemeli-dogal-akik-uzeri-husn-hat-tamamen-kisiye-ozel-925-ayar-gumus","status":"publish","type":"product","link":"https:\/\/www.muhrucevher.com\/index.php\/urun\/hud-festakim-kema-umirte-sana-emredildigi-gibi-dosdogru-ol-kalem-isi-suslemeli-dogal-akik-uzeri-husn-hat-tamamen-kisiye-ozel-925-ayar-gumus\/","title":{"rendered":"Hud | Festakim Kem\u00e2 Umirte (Sana emredildi\u011fi gibi dosdo\u011fru ol)  | Kalem \u0130\u015fi S\u00fcslemeli Do\u011fal Akik \u00dczeri H\u00fcsn Hat | Tamamen Ki\u015fiye \u00d6zel | 925 Ayar G\u00fcm\u00fc\u015f"},"content":{"rendered":"<p><strong>Festakim kem\u00e2 umirte\u201d \u2013 Sana emredildi\u011fi gibi dosdo\u011fru ol.<\/strong><br \/>\nBu y\u00fcz\u00fck, Hud Suresi\u2019nin 112. ayetinden ilham al\u0131narak tasarland\u0131. Tamamen el grav\u00fcr i\u015f\u00e7ili\u011fi ile i\u015flenmi\u015f olup akik ta\u015f\u0131 \u00fczerine hat sanat\u0131 ile ayet s\u00fcslenmi\u015ftir.<br \/>\nHer bir k\u0131vr\u0131m\u0131, hayat yolunda istikamet \u00fczere kalmay\u0131, her bir detay\u0131 e\u011frilmeden do\u011fruyu savunmay\u0131 simgeliyor. Zira bu ayet, Peygamber Efendimiz\u2019in \u201cHud Suresi beni ihtiyarlatt\u0131\u201d s\u00f6z\u00fcne sebep olmu\u015f; do\u011fruluk ve istikamet y\u00fck\u00fcn\u00fcn ne kadar a\u011f\u0131r ve kutsal oldu\u011funu hat\u0131rlatm\u0131\u015ft\u0131r.<\/p>\n<p>Bu y\u00fcz\u00fck, sahibine sadece bir tak\u0131 de\u011fil; hayat boyu ta\u015f\u0131yaca\u011f\u0131 bir nasihat f\u0131s\u0131ldar:<br \/>\nHud Suresi\u2019nden gelen bu emir, y\u00fczy\u0131llar boyunca ariflerin dilinde s\u0131r, g\u00f6n\u00fcllerin derinli\u011finde nur oldu.<br \/>\nParma\u011f\u0131nda ta\u015f\u0131d\u0131\u011f\u0131nda, sadece bir tak\u0131 de\u011fil; Rabbinden gelen bir \u00e7a\u011fr\u0131y\u0131 ta\u015f\u0131yacaks\u0131n:<br \/>\n\u201cDo\u011fru ol, d\u00fcr\u00fcst ol, emredildi\u011fin gibi ya\u015fa\u2026\u201d<br \/>\nNot \u00fcr\u00fcn tamamen el yap\u0131m\u0131d\u0131r ayr\u0131ca tamamen ki\u015fiye \u00f6zel olup istenen de\u011fi\u015fiklikler yap\u0131l\u0131r<br \/>\nTa\u015f rengi ve ta\u015f cinsi de\u011fi\u015febilir. \u00fczerindeki yaz\u0131 de\u011fi\u015febilir veya yaz\u0131s\u0131z olabilir<\/p>\n<p>Kasa : 925 Ayar G\u00fcm\u00fc\u015f , S\u00fcslemeler : 925 Ayar G\u00fcm\u00fc\u015f ve Ta\u015f etraf\u0131 pirin\u00e7 yuva\u00a0 \/ \u0130ste\u011fe g\u00f6re tasar\u0131m de\u011fi\u015ftirebilir. Tamamen Ki\u015fiye \u00f6zeldir.<\/p>\n<p><strong>Tamamen el yap\u0131m\u0131d\u0131r. Ki\u015fiye \u00f6zel \u00fcretim yap\u0131lmaktad\u0131r bu sebeple tasar\u0131m\u0131 iste\u011finize g\u00f6re \u015fekillendirebiliriz. Ki\u015fiye \u00f6zel yap\u0131ld\u0131\u011f\u0131 i\u00e7in iade ve de\u011fi\u015fim s\u00f6z konusu de\u011fildir.<\/strong><\/p>\n<p>Ki\u015file\u015ftirmeler \u015fu \u015fekilde yap\u0131l\u0131r :<\/p>\n<p>Yaz\u0131 veya motif de\u011fi\u015fiklikleri, renk de\u011fi\u015fiklikleri y\u00fcz\u00fck formu d\u00fczenlemeleri.<\/p>\n","protected":false},"excerpt":{"rendered":"<p><strong>Hud | Festakim Kem\u00e2 Umirte (Sana emredildi\u011fi gibi dosdo\u011fru ol)\u00a0<\/strong><\/p>\n<p>Bu y\u00fcz\u00fck, sahibine sadece bir tak\u0131 de\u011fil; hayat boyu ta\u015f\u0131yaca\u011f\u0131 bir nasihat f\u0131s\u0131ldar:<br \/>\nHud Suresi\u2019nden gelen bu emir, y\u00fczy\u0131llar boyunca ariflerin dilinde s\u0131r, g\u00f6n\u00fcllerin derinli\u011finde nur oldu.<br \/>\nParma\u011f\u0131nda ta\u015f\u0131d\u0131\u011f\u0131nda, sadece bir tak\u0131 de\u011fil; Rabbinden gelen bir \u00e7a\u011fr\u0131y\u0131 ta\u015f\u0131yacaks\u0131n:<br \/>\n\u201cDo\u011fru ol, d\u00fcr\u00fcst ol, emredildi\u011fin gibi ya\u015fa\u2026\u201d<\/p>\n<p><strong>\u00dcr\u00fcn Videosunu \u0130zlemek \u0130\u00e7in Linke T\u0131klay\u0131n\u00a0<a href=\"https:\/\/www.instagram.com\/p\/DN8EzGugpEh\/?img_index=2\">Hud<\/a><\/strong><\/p>\n<h4><strong>Sipari\u015f ve Bilgi A\u00e7\u0131klamas\u0131 ( L\u00fctfen Okuyunuz!)<\/strong><\/h4>\n<p><strong>\u00dcr\u00fcn el i\u015f\u00e7ili\u011fi ve ki\u015fiye \u00f6zel \u00fcretim oldu\u011fu i\u00e7in iade ve de\u011fi\u015fim s\u00f6z konusu de\u011fildir.<\/strong><br \/>\n<strong>Ortalama \u00fcretim s\u00fcresi \u00f6deme sonras\u0131 2-3 hafta aras\u0131ndad\u0131r<\/strong>.<br \/>\n<strong>L\u00fctfen sipari\u015f \u00f6deme k\u0131sm\u0131nda \u00f6n\u00fcn\u00fcze \u00e7\u0131kacak alana \u00fcr\u00fcn\u00fc nas\u0131l istedi\u011finize dair detayl\u0131 bilgi verin.<\/strong><br \/>\nL\u00fctfen parmak \u00f6l\u00e7\u00fcn\u00fcz\u00fc herhangi do\u011fru bir \u015fekilde verin. Parmak \u00f6l\u00e7\u00fcs\u00fc yanl\u0131\u015f bilgilendirilimesi sonucunda olu\u015facak hatalar tamamen m\u00fc\u015fteriye ait kusurlar sebebidir. <strong>Revize tamir yada d\u00fczeltme i\u00e7in \u00e7\u0131kan kargo \u00fccretleri gidi\u015f ve d\u00f6n\u00fc\u015f olmak \u00fczere m\u00fc\u015fteri taraf\u0131ndan \u00f6denir.<\/strong><\/p>\n<p>&nbsp;<\/p>\n","protected":false},"featured_media":829,"template":"","meta":{"_seopress_robots_primary_cat":"","_seopress_titles_title":"","_seopress_titles_desc":"","_seopress_robots_index":"","_kad_post_transparent":"default","_kad_post_title":"","_kad_post_layout":"default","_kad_post_sidebar_id":"","_kad_post_content_style":"default","_kad_post_vertical_padding":"default","_kad_post_feature":"","_kad_post_feature_position":"","_kad_post_header":false,"_kad_post_footer":false,"_kad_post_classname":"","_vp_format_video_url":"","_vp_image_focal_point":[]},"product_brand":[29],"product_cat":[17,15,23],"product_tag":[],"class_list":{"0":"post-799","1":"product","2":"type-product","3":"status-publish","4":"has-post-thumbnail","6":"product_brand-muhr-u-cevher","7":"product_cat-erkek","8":"product_cat-genel","9":"product_cat-yuzuk","11":"first","12":"instock","13":"shipping-taxable","14":"purchasable","15":"product-type-variable","16":"entry","17":"content-bg","18":"loop-entry"},"_links":{"self":[{"href":"https:\/\/www.muhrucevher.com\/index.php\/wp-json\/wp\/v2\/product\/799","targetHints":{"allow":["GET"]}}],"collection":[{"href":"https:\/\/www.muhrucevher.com\/index.php\/wp-json\/wp\/v2\/product"}],"about":[{"href":"https:\/\/www.muhrucevher.com\/index.php\/wp-json\/wp\/v2\/types\/product"}],"wp:featuredmedia":[{"embeddable":true,"href":"https:\/\/www.muhrucevher.com\/index.php\/wp-json\/wp\/v2\/media\/829"}],"wp:attachment":[{"href":"https:\/\/www.muhrucevher.com\/index.php\/wp-json\/wp\/v2\/media?parent=799"}],"wp:term":[{"taxonomy":"product_brand","embeddable":true,"href":"https:\/\/www.muhrucevher.com\/index.php\/wp-json\/wp\/v2\/product_brand?post=799"},{"taxonomy":"product_cat","embeddable":true,"href":"https:\/\/www.muhrucevher.com\/index.php\/wp-json\/wp\/v2\/product_cat?post=799"},{"taxonomy":"product_tag","embeddable":true,"href":"https:\/\/www.muhrucevher.com\/index.php\/wp-json\/wp\/v2\/product_tag?post=799"}],"curies":[{"name":"wp","href":"https:\/\/api.w.org\/{rel}","templated":true}]}}