{"id":760,"date":"2026-03-08T01:08:11","date_gmt":"2026-03-08T01:08:11","guid":{"rendered":"https:\/\/www.muhrucevher.com\/?post_type=product&#038;p=760"},"modified":"2026-03-24T21:06:35","modified_gmt":"2026-03-24T21:06:35","slug":"orhan-gazi-orhan-gazi-nisan-formu-tamamen-kisiye-ozel","status":"publish","type":"product","link":"https:\/\/www.muhrucevher.com\/index.php\/urun\/orhan-gazi-orhan-gazi-nisan-formu-tamamen-kisiye-ozel\/","title":{"rendered":"Orhan Gazi | Orhan Gazi Ni\u015fan Formu | Tamamen Ki\u015fiye \u00d6zel | 925 Ayar G\u00fcm\u00fc\u015f"},"content":{"rendered":"<p data-start=\"20\" data-end=\"246\"><strong>ORHAN GAZ\u0130\u00a0<\/strong><\/p>\n<p data-start=\"20\" data-end=\"246\">Osmanl\u0131 Devleti\u2019nin kurucular\u0131ndan ve b\u00fcy\u00fck h\u00fck\u00fcmdarlar\u0131ndan <strong data-start=\"81\" data-end=\"122\"><span class=\"hover:entity-accent entity-underline inline cursor-pointer align-baseline\"><span class=\"whitespace-normal\">Orhan Gazi<\/span><\/span><\/strong>\u2019nin tarih\u00ee m\u00fchr\u00fcnden ilham al\u0131narak tasarlanan bu \u00f6zel y\u00fcz\u00fck, ge\u00e7mi\u015fin ihti\u015fam\u0131n\u0131 g\u00fcn\u00fcm\u00fcze ta\u015f\u0131yan anlaml\u0131 bir aksesuard\u0131r.<\/p>\n<p data-start=\"248\" data-end=\"473\">Sultanlar\u0131n ve krallar\u0131n kulland\u0131\u011f\u0131 <strong data-start=\"284\" data-end=\"314\">antik m\u00fch\u00fcr y\u00fcz\u00fck formunda<\/strong> tasarlanan bu model; g\u00fc\u00e7l\u00fc, asil ve tarih\u00ee bir g\u00f6r\u00fcn\u00fcm sunar. Tasar\u0131m\u0131 sayesinde hem <strong data-start=\"400\" data-end=\"417\">y\u00fcz\u00fck parma\u011f\u0131<\/strong> hem de <strong data-start=\"425\" data-end=\"442\">ser\u00e7e parma\u011f\u0131<\/strong> i\u00e7in uygun bir forma sahiptir.<\/p>\n<p data-start=\"475\" data-end=\"698\">Y\u00fcz\u00fc\u011f\u00fcn \u00fczerinde, Osmanl\u0131 tarihinin \u00f6nemli simgelerinden biri olan <strong data-start=\"542\" data-end=\"566\">Orhan Gazi\u2019nin m\u00fchr\u00fc<\/strong> \u00f6zenle i\u015flenmi\u015ftir. Her detay\u0131nda tarih\u00ee ruhu yans\u0131tan bu y\u00fcz\u00fck, yaln\u0131zca bir tak\u0131 de\u011fil ayn\u0131 zamanda k\u00f6kl\u00fc bir miras\u0131n sembol\u00fcd\u00fcr.<\/p>\n<p data-start=\"700\" data-end=\"891\">\u00dcr\u00fcn <strong data-start=\"705\" data-end=\"728\">tamamen ki\u015fiye \u00f6zel<\/strong> olarak haz\u0131rlan\u0131r. \u0130ste\u011fe ba\u011fl\u0131 olarak yaz\u0131, sembol veya tasar\u0131m \u00fczerinde de\u011fi\u015fiklikler yap\u0131labilir ve y\u00fcz\u00fck tamamen sizin tercihlerinize g\u00f6re \u00f6zelle\u015ftirilebilir.<\/p>\n<p data-start=\"893\" data-end=\"1000\">Tarihin izlerini ta\u015f\u0131yan bu \u00f6zel m\u00fch\u00fcr y\u00fcz\u00fck ile ge\u00e7mi\u015fin g\u00fcc\u00fcn\u00fc ve asaletini her zaman yan\u0131n\u0131zda hissedin.<\/p>\n<p>Bu y\u00fcz\u00fck yaln\u0131zca bir tak\u0131 de\u011fil; tarihin, g\u00fcc\u00fcn ve maneviyat\u0131n birle\u015fti\u011fi bir sembold\u00fcr.<\/p>\n<p>Kasa : 925 Ayar G\u00fcm\u00fc\u015f , S\u00fcslemeler : 925 Ayar G\u00fcm\u00fc\u015f\u00a0 \/ \u0130ste\u011fe g\u00f6re tasar\u0131m de\u011fi\u015ftirebilir. Tamamen Ki\u015fiye \u00f6zeldir.<\/p>\n<p><strong>Tamamen el yap\u0131m\u0131d\u0131r. Ki\u015fiye \u00f6zel \u00fcretim yap\u0131lmaktad\u0131r bu sebeple tasar\u0131m\u0131 iste\u011finize g\u00f6re \u015fekillendirebiliriz. Ki\u015fiye \u00f6zel yap\u0131ld\u0131\u011f\u0131 i\u00e7in iade ve de\u011fi\u015fim s\u00f6z konusu de\u011fildir.<\/strong><\/p>\n<p>Ki\u015file\u015ftirmeler \u015fu \u015fekilde yap\u0131l\u0131r :<\/p>\n<p>Yaz\u0131 veya motif de\u011fi\u015fiklikleri, renk de\u011fi\u015fiklikleri y\u00fcz\u00fck formu d\u00fczenlemeleri.<\/p>\n","protected":false},"excerpt":{"rendered":"<p data-pm-slice=\"1 1 []\">Osmanl\u0131 h\u00fck\u00fcmdar\u0131 Orhan Gazi\u2019nin m\u00fchr\u00fcnden ilham al\u0131narak antik m\u00fch\u00fcr y\u00fcz\u00fck formunda tasarlanm\u0131\u015ft\u0131r.<\/p>\n<p>Y\u00fcz\u00fck parma\u011f\u0131 ve ser\u00e7e parma\u011f\u0131 i\u00e7in uygun formdad\u0131r. \u00dczerinde Orhan Gazi\u2019nin m\u00fchr\u00fc i\u015flenmi\u015ftir.<\/p>\n<p>\u00dcr\u00fcn tamamen ki\u015fiye \u00f6zel haz\u0131rlan\u0131r ve istenilen de\u011fi\u015fiklikler yap\u0131labilir.<\/p>\n<p><strong>\u00dcr\u00fcn Videosunu \u0130zlemek \u0130\u00e7in Linke T\u0131klay\u0131n\u00a0<a href=\"https:\/\/www.instagram.com\/p\/DR4o9ByArk2\/?img_index=1\">Orhan<\/a><\/strong><\/p>\n<h4><strong>Sipari\u015f ve Bilgi A\u00e7\u0131klamas\u0131 ( L\u00fctfen Okuyunuz!)<\/strong><\/h4>\n<p><strong>\u00dcr\u00fcn el i\u015f\u00e7ili\u011fi ve ki\u015fiye \u00f6zel \u00fcretim oldu\u011fu i\u00e7in iade ve de\u011fi\u015fim s\u00f6z konusu de\u011fildir.<\/strong><br \/>\n<strong>Ortalama \u00fcretim s\u00fcresi \u00f6deme sonras\u0131 2-3 hafta aras\u0131ndad\u0131r<\/strong>.<br \/>\n<strong>L\u00fctfen sipari\u015f \u00f6deme k\u0131sm\u0131nda \u00f6n\u00fcn\u00fcze \u00e7\u0131kacak alana \u00fcr\u00fcn\u00fc nas\u0131l istedi\u011finize dair detayl\u0131 bilgi verin.<\/strong><br \/>\nL\u00fctfen parmak \u00f6l\u00e7\u00fcn\u00fcz\u00fc herhangi do\u011fru bir \u015fekilde verin. Parmak \u00f6l\u00e7\u00fcs\u00fc yanl\u0131\u015f bilgilendirilimesi sonucunda olu\u015facak hatalar tamamen m\u00fc\u015fteriye ait kusurlar sebebidir. <strong>Revize tamir yada d\u00fczeltme i\u00e7in \u00e7\u0131kan kargo \u00fccretleri gidi\u015f ve d\u00f6n\u00fc\u015f olmak \u00fczere m\u00fc\u015fteri taraf\u0131ndan \u00f6denir.<\/strong><\/p>\n<p>&nbsp;<\/p>\n","protected":false},"featured_media":790,"template":"","meta":{"_seopress_robots_primary_cat":"","_seopress_titles_title":"","_seopress_titles_desc":"","_seopress_robots_index":"","_kad_post_transparent":"default","_kad_post_title":"","_kad_post_layout":"default","_kad_post_sidebar_id":"","_kad_post_content_style":"default","_kad_post_vertical_padding":"default","_kad_post_feature":"","_kad_post_feature_position":"","_kad_post_header":false,"_kad_post_footer":false,"_kad_post_classname":"","_vp_format_video_url":"","_vp_image_focal_point":[]},"product_brand":[29],"product_cat":[17,15,23],"product_tag":[],"class_list":{"0":"post-760","1":"product","2":"type-product","3":"status-publish","4":"has-post-thumbnail","6":"product_brand-muhr-u-cevher","7":"product_cat-erkek","8":"product_cat-genel","9":"product_cat-yuzuk","11":"first","12":"instock","13":"sale","14":"shipping-taxable","15":"purchasable","16":"product-type-variable","17":"entry","18":"content-bg","19":"loop-entry"},"_links":{"self":[{"href":"https:\/\/www.muhrucevher.com\/index.php\/wp-json\/wp\/v2\/product\/760","targetHints":{"allow":["GET"]}}],"collection":[{"href":"https:\/\/www.muhrucevher.com\/index.php\/wp-json\/wp\/v2\/product"}],"about":[{"href":"https:\/\/www.muhrucevher.com\/index.php\/wp-json\/wp\/v2\/types\/product"}],"wp:featuredmedia":[{"embeddable":true,"href":"https:\/\/www.muhrucevher.com\/index.php\/wp-json\/wp\/v2\/media\/790"}],"wp:attachment":[{"href":"https:\/\/www.muhrucevher.com\/index.php\/wp-json\/wp\/v2\/media?parent=760"}],"wp:term":[{"taxonomy":"product_brand","embeddable":true,"href":"https:\/\/www.muhrucevher.com\/index.php\/wp-json\/wp\/v2\/product_brand?post=760"},{"taxonomy":"product_cat","embeddable":true,"href":"https:\/\/www.muhrucevher.com\/index.php\/wp-json\/wp\/v2\/product_cat?post=760"},{"taxonomy":"product_tag","embeddable":true,"href":"https:\/\/www.muhrucevher.com\/index.php\/wp-json\/wp\/v2\/product_tag?post=760"}],"curies":[{"name":"wp","href":"https:\/\/api.w.org\/{rel}","templated":true}]}}