{"id":445,"date":"2026-03-07T15:52:15","date_gmt":"2026-03-07T15:52:15","guid":{"rendered":"https:\/\/muhrucevher.com\/?post_type=product&#038;p=445"},"modified":"2026-03-31T11:47:11","modified_gmt":"2026-03-31T11:47:11","slug":"okcu-devlet","status":"publish","type":"product","link":"https:\/\/www.muhrucevher.com\/index.php\/urun\/okcu-devlet\/","title":{"rendered":"Devlet | Ok\u00e7u | Sn. Devlet Bah\u00e7eli \u00d6zel Koleksiyonu |Tamamen Ki\u015fiye \u00d6zel | 925 Ayar G\u00fcm\u00fc\u015f"},"content":{"rendered":"<p data-start=\"126\" data-end=\"634\"><strong>Devlet Serisi<\/strong><\/p>\n<p data-start=\"126\" data-end=\"634\">Bu \u00f6zel tasar\u0131m eser, T\u00fcrk tarihinin ve k\u00fclt\u00fcr\u00fcn\u00fcn e\u015fsiz sembollerini bir araya getirir. \u00dczerinde atl\u0131 bir ok\u00e7unun bulundu\u011fu Ayy\u0131ld\u0131z fig\u00fcr\u00fc ile tasarlanm\u0131\u015ft\u0131r; bu fig\u00fcr, at \u00fczerindeyken d\u00f6rt bir yana ok atabilen T\u00fcrklerin tarih sahnesindeki cesur ve stratejik duru\u015funu simgeler. Eserin \u00e7evresinde T\u00fcrk\u00e7e ve G\u00f6kt\u00fcrk\u00e7e olarak \u201cTanr\u0131 T\u00fcrk\u2019\u00fc korusun\u201d yaz\u0131s\u0131 yer almakta, bu da esere manevi bir anlam katmaktad\u0131r. \u00dcst y\u00fczey ise T\u00fcrk mitolojik motifleri ile s\u00fcslenmi\u015f, zengin k\u00fclt\u00fcrel detaylar bar\u0131nd\u0131rmaktad\u0131r.<\/p>\n<p data-start=\"636\" data-end=\"815\">Bu \u00f6zel tasar\u0131m ayr\u0131ca, T\u00fcrk siyasetinin \u00f6nemli isimlerinden say\u0131n <strong data-start=\"703\" data-end=\"721\">Devlet Bah\u00e7eli<\/strong> i\u00e7in haz\u0131rlanm\u0131\u015f olup, hem tarihsel hem de g\u00fcncel anlamda bir hat\u0131ra niteli\u011fi ta\u015f\u0131maktad\u0131r.<\/p>\n<p data-start=\"636\" data-end=\"815\">Kasa : 925 Ayar G\u00fcm\u00fc\u015f , S\u00fcslemeler : 925 Ayar G\u00fcm\u00fc\u015f ve Pirin\u00e7<\/p>\n<p><strong>Tamamen el yap\u0131m\u0131d\u0131r. Ki\u015fiye \u00f6zel \u00fcretim yap\u0131lmaktad\u0131r bu sebeple tasar\u0131m\u0131 iste\u011finize g\u00f6re \u015fekillendirebiliriz. Ki\u015fiye \u00f6zel yap\u0131ld\u0131\u011f\u0131 i\u00e7in iade ve de\u011fi\u015fim s\u00f6z konusu de\u011fildir.<\/strong><\/p>\n<p>Ki\u015file\u015ftirmeler \u015fu \u015fekilde yap\u0131l\u0131r :<\/p>\n<p>Yaz\u0131 veya motif de\u011fi\u015fiklikleri, renk de\u011fi\u015fiklikleri y\u00fcz\u00fck formu d\u00fczenlemeleri.<\/p>\n<p>\u00dcretim \u00f6ncesinde tasar\u0131m \u00e7izimi g\u00f6nderilerek onay al\u0131n\u0131r, b\u00f6ylece tamamen size \u00f6zel bir eser ortaya \u00e7\u0131kar.<\/p>\n","protected":false},"excerpt":{"rendered":"<p>Atl\u0131 ok\u00e7u fig\u00fcr\u00fcyle T\u00fcrk tarihini ve k\u00fclt\u00fcr\u00fcn\u00fc simgeleyen Ayy\u0131ld\u0131z tasar\u0131m\u0131. Etraf\u0131nda T\u00fcrk\u00e7e ve G\u00f6kt\u00fcrk\u00e7e \u201cTanr\u0131 T\u00fcrk\u2019\u00fc korusun\u201d yaz\u0131s\u0131, \u00fcst y\u00fczeyinde ise mitolojik motifler bulunur. Say\u0131n <strong data-start=\"1036\" data-end=\"1054\">Devlet Bah\u00e7eli<\/strong> i\u00e7in \u00f6zel olarak tasarlanm\u0131\u015ft\u0131r<\/p>\n<p><strong>\u00dcr\u00fcn Videosunu \u0130zlemek \u0130\u00e7in Linke T\u0131klay\u0131n\u00a0<a href=\"https:\/\/www.instagram.com\/p\/DSH3A1PgmbP\/?img_index=2\">Devlet<\/a><\/strong><\/p>\n<h4><strong>Sipari\u015f ve Bilgi A\u00e7\u0131klamas\u0131 ( L\u00fctfen Okuyunuz!)<\/strong><\/h4>\n<p><strong>\u00dcr\u00fcn el i\u015f\u00e7ili\u011fi ve ki\u015fiye \u00f6zel \u00fcretim oldu\u011fu i\u00e7in iade ve de\u011fi\u015fim s\u00f6z konusu de\u011fildir.<\/strong><br \/>\n<strong>Ortalama \u00fcretim s\u00fcresi \u00f6deme sonras\u0131 2-3 hafta aras\u0131ndad\u0131r<\/strong>.<br \/>\n<strong>L\u00fctfen sipari\u015f \u00f6deme k\u0131sm\u0131nda \u00f6n\u00fcn\u00fcze \u00e7\u0131kacak alana \u00fcr\u00fcn\u00fc nas\u0131l istedi\u011finize dair detayl\u0131 bilgi verin.<\/strong><br \/>\nL\u00fctfen parmak \u00f6l\u00e7\u00fcn\u00fcz\u00fc do\u011fru bir \u015fekilde verin. Parmak \u00f6l\u00e7\u00fcs\u00fc yanl\u0131\u015f bilgilendirilimesi sonucunda olu\u015facak hatalar tamamen m\u00fc\u015fteriye ait kusurlar sebebidir. <strong>Revize tamir yada d\u00fczeltme i\u00e7in \u00e7\u0131kan kargo \u00fccretleri gidi\u015f ve d\u00f6n\u00fc\u015f olmak \u00fczere m\u00fc\u015fteri taraf\u0131ndan \u00f6denir.<\/strong><\/p>\n<p>&nbsp;<\/p>\n","protected":false},"featured_media":690,"template":"","meta":{"_seopress_robots_primary_cat":"none","_seopress_titles_title":"","_seopress_titles_desc":"","_seopress_robots_index":"","_kad_post_transparent":"default","_kad_post_title":"","_kad_post_layout":"default","_kad_post_sidebar_id":"","_kad_post_content_style":"default","_kad_post_vertical_padding":"default","_kad_post_feature":"","_kad_post_feature_position":"","_kad_post_header":false,"_kad_post_footer":false,"_kad_post_classname":"","_vp_format_video_url":"","_vp_image_focal_point":[]},"product_brand":[29],"product_cat":[17,15,31,23],"product_tag":[],"class_list":{"0":"post-445","1":"product","2":"type-product","3":"status-publish","4":"has-post-thumbnail","6":"product_brand-muhr-u-cevher","7":"product_cat-erkek","8":"product_cat-genel","9":"product_cat-ozel-koleksiyonlar","10":"product_cat-yuzuk","12":"first","13":"instock","14":"sale","15":"shipping-taxable","16":"purchasable","17":"product-type-variable","18":"entry","19":"content-bg","20":"loop-entry"},"_links":{"self":[{"href":"https:\/\/www.muhrucevher.com\/index.php\/wp-json\/wp\/v2\/product\/445","targetHints":{"allow":["GET"]}}],"collection":[{"href":"https:\/\/www.muhrucevher.com\/index.php\/wp-json\/wp\/v2\/product"}],"about":[{"href":"https:\/\/www.muhrucevher.com\/index.php\/wp-json\/wp\/v2\/types\/product"}],"wp:featuredmedia":[{"embeddable":true,"href":"https:\/\/www.muhrucevher.com\/index.php\/wp-json\/wp\/v2\/media\/690"}],"wp:attachment":[{"href":"https:\/\/www.muhrucevher.com\/index.php\/wp-json\/wp\/v2\/media?parent=445"}],"wp:term":[{"taxonomy":"product_brand","embeddable":true,"href":"https:\/\/www.muhrucevher.com\/index.php\/wp-json\/wp\/v2\/product_brand?post=445"},{"taxonomy":"product_cat","embeddable":true,"href":"https:\/\/www.muhrucevher.com\/index.php\/wp-json\/wp\/v2\/product_cat?post=445"},{"taxonomy":"product_tag","embeddable":true,"href":"https:\/\/www.muhrucevher.com\/index.php\/wp-json\/wp\/v2\/product_tag?post=445"}],"curies":[{"name":"wp","href":"https:\/\/api.w.org\/{rel}","templated":true}]}}