{"id":1905,"date":"2026-03-17T22:02:06","date_gmt":"2026-03-17T22:02:06","guid":{"rendered":"https:\/\/www.muhrucevher.com\/?post_type=product&#038;p=1905"},"modified":"2026-03-29T14:48:57","modified_gmt":"2026-03-29T14:48:57","slug":"timur-orjinal-urun-formunda-rasti-rusti-dogruluk-kuvvettir-tamamen-kisiye-ozel-925-ayar-gumus-kopya","status":"publish","type":"product","link":"https:\/\/www.muhrucevher.com\/index.php\/urun\/timur-orjinal-urun-formunda-rasti-rusti-dogruluk-kuvvettir-tamamen-kisiye-ozel-925-ayar-gumus-kopya\/","title":{"rendered":"Timur | El \u0130\u015f\u00e7ili\u011fi Y\u00fcz\u00fck  | Rasti Rusti (Do\u011fruluk Kuvvettir) | Tamamen Ki\u015fiye \u00d6zel | 925 Ayar G\u00fcm\u00fc\u015f"},"content":{"rendered":"<h2 data-path-to-node=\"2\"><a href=\"https:\/\/www.muhrucevher.com\/index.php\/urun\/timur-orjinal-urun-formunda-rasti-rusti-dogruluk-kuvvettir-tamamen-kisiye-ozel-925-ayar-gumus-kopya\/\"><b data-path-to-node=\"2\" data-index-in-node=\"0\">T\u0130MUR\u00a0<\/b><\/a><\/h2>\n<p data-path-to-node=\"3\">Osmanl\u0131\u2019n\u0131n as\u0131rlar s\u00fcren y\u00fckseli\u015fini 17 y\u0131la s\u0131\u011fd\u0131ran, ordular\u0131yla d\u00fcnyay\u0131 sarsan B\u00fcy\u00fck T\u00fcrk Hakan\u0131 <b data-path-to-node=\"3\" data-index-in-node=\"101\">Emir Timur<\/b>\u2019un an\u0131s\u0131na&#8230; Onun parma\u011f\u0131ndan hi\u00e7 \u00e7\u0131karmad\u0131\u011f\u0131, adaleti ve g\u00fcc\u00fc simgeleyen m\u00fch\u00fcr y\u00fcz\u00fc\u011f\u00fcn\u00fc yeniden yorumlad\u0131k.<\/p>\n<ul data-path-to-node=\"4\">\n<li>\n<p data-path-to-node=\"4,0,0\"><b data-path-to-node=\"4,0,0\" data-index-in-node=\"0\">\u0130\u015f\u00e7ilik:<\/b> Tamamen el i\u015f\u00e7ili\u011fi, zamana meydan okuyan <b data-path-to-node=\"4,0,0\" data-index-in-node=\"51\">eskitme g\u00fcm\u00fc\u015f kasa<\/b>.<\/p>\n<\/li>\n<li>\n<p data-path-to-node=\"4,1,0\"><b data-path-to-node=\"4,1,0\" data-index-in-node=\"0\">S\u0131r:<\/b> \u00dczerinde ebcet hesab\u0131yla Fars\u00e7a i\u015flenmi\u015f, Timur\u2019un hayat felsefesi olan o sars\u0131lmaz s\u00f6z: <b data-path-to-node=\"4,1,0\" data-index-in-node=\"94\">&#8220;Rasti Rusti&#8221; (Do\u011fruluk Kuvvettir).<\/b><\/p>\n<\/li>\n<li>\n<p data-path-to-node=\"4,2,0\"><b data-path-to-node=\"4,2,0\" data-index-in-node=\"0\">Detay:<\/b> Y\u00fcz\u00fc\u011f\u00fcn i\u00e7 k\u0131sm\u0131na gizlenmi\u015f, Timur \u0130mparatorlu\u011fu\u2019nun ve \u00fc\u00e7 iklimin hakimiyetini temsil eden <b data-path-to-node=\"4,2,0\" data-index-in-node=\"100\">&#8220;\u00dc\u00e7 K\u00fcre&#8221;<\/b> (Timur Bayra\u011f\u0131).<\/p>\n<\/li>\n<li>\n<p data-path-to-node=\"4,3,0\"><b data-path-to-node=\"4,3,0\" data-index-in-node=\"0\">Ruh:<\/b> Sadece bir aksesuar de\u011fil; sadakati, do\u011frulu\u011fu ve yenilmezli\u011fi temsil eden bir ni\u015fane.<\/p>\n<\/li>\n<\/ul>\n<p><strong>Tamamen el yap\u0131m\u0131d\u0131r. Ki\u015fiye \u00f6zel \u00fcretim yap\u0131lmaktad\u0131r bu sebeple tasar\u0131m\u0131 iste\u011finize g\u00f6re \u015fekillendirebiliriz. Ki\u015fiye \u00f6zel yap\u0131ld\u0131\u011f\u0131 i\u00e7in iade ve de\u011fi\u015fim s\u00f6z konusu de\u011fildir.<\/strong><\/p>\n<p>Ki\u015file\u015ftirmeler \u015fu \u015fekilde yap\u0131l\u0131r :<\/p>\n<p>\u00dcst kasa yaz\u0131lar\u0131 , kasa i\u00e7i logo detaylar\u0131 ve ki\u015file\u015ftirmeleri &#8230;<\/p>\n<p>Di\u011fer <a href=\"https:\/\/www.muhrucevher.com\/\">El Yap\u0131m\u0131 Erkek Y\u00fcz\u00fckleri<\/a> \u0130\u00e7in Ma\u011fazam\u0131z\u0131 Ziyaret Edin &#8230;<\/p>\n","protected":false},"excerpt":{"rendered":"<h2 data-path-to-node=\"2\"><b data-path-to-node=\"2\" data-index-in-node=\"0\">Sahib K\u0131ran: Emir Timur<\/b><\/h2>\n<p data-path-to-node=\"3\">Tarihin en b\u00fcy\u00fck Mare\u015fallerinden birisiydi T\u0130MUR . Osmanl\u0131n\u0131n 200 y\u0131lda ula\u015ft\u0131\u011f\u0131 g\u00fcce sadece 17 senede ula\u015fm\u0131\u015f ve asla yenilmemi\u015ftir.<\/p>\n<p>Bu B\u00fcy\u00fck T\u00fcrk\u2019\u00fcn an\u0131s\u0131na \u00f6lene kadar hi\u00e7 \u00e7\u0131karmad\u0131\u011f\u0131 y\u00fcz\u00fc\u011f\u00fcn\u00fc yeniden tasarlayarak ismini hat\u0131rlatmak istedik.<\/p>\n<p>Tamamen el i\u015f\u00e7ili\u011fi eskitme kasa \u00fczeri ebcet hesab\u0131yla fars\u00e7a \u201cDO\u011eRULUK KUVVETT\u0130R\u201d<br \/>\nyazmaktad\u0131r. Y\u00fcz\u00fck i\u00e7inde Emir Timur Bayra\u011f\u0131 olan 3 K\u00fcre yer al\u0131r.<\/p>\n<p data-path-to-node=\"5\"><b data-path-to-node=\"5\" data-index-in-node=\"0\">\u00dcr\u00fcn Detayl\u0131 Videosu \u0130\u00e7in Linke T\u0131klay\u0131n\u00a0 <a href=\"https:\/\/www.instagram.com\/p\/Cj0T-H0NU0a\/?img_index=2\">Emir Timur Video<\/a><\/b><\/p>\n<h4><strong>Sipari\u015f ve Bilgi A\u00e7\u0131klamas\u0131 ( L\u00fctfen Okuyunuz!)<\/strong><\/h4>\n<p><strong>\u00dcr\u00fcn el i\u015f\u00e7ili\u011fi ve ki\u015fiye \u00f6zel \u00fcretim oldu\u011fu i\u00e7in iade ve de\u011fi\u015fim s\u00f6z konusu de\u011fildir.<\/strong><br \/>\n<strong>Ortalama \u00fcretim s\u00fcresi \u00f6deme sonras\u0131 2-3 hafta aras\u0131ndad\u0131r<\/strong>.<br \/>\n<strong>L\u00fctfen sipari\u015f \u00f6deme k\u0131sm\u0131nda \u00f6n\u00fcn\u00fcze \u00e7\u0131kacak alana \u00fcr\u00fcn\u00fc nas\u0131l istedi\u011finize dair detayl\u0131 bilgi verin.<\/strong><br \/>\nL\u00fctfen parmak \u00f6l\u00e7\u00fcn\u00fcz\u00fc\u00a0 do\u011fru bir \u015fekilde verin. Parmak \u00f6l\u00e7\u00fcs\u00fc yanl\u0131\u015f bilgilendirilimesi sonucunda olu\u015facak hatalar tamamen m\u00fc\u015fteriye ait kusurlar sebebidir. <strong>Revize tamir yada d\u00fczeltme i\u00e7in \u00e7\u0131kan kargo \u00fccretleri gidi\u015f ve d\u00f6n\u00fc\u015f olmak \u00fczere m\u00fc\u015fteri taraf\u0131ndan \u00f6denir.<\/strong><\/p>\n","protected":false},"featured_media":1937,"template":"","meta":{"_seopress_robots_primary_cat":"none","_seopress_titles_title":"Emir Timur | El \u0130\u015f\u00e7ili\u011fi Y\u00fcz\u00fck | Do\u011fruluk Kuvvettir | 925 Ayar","_seopress_titles_desc":"Emir Timur Y\u00fcz\u00fc\u011f\u00fc , El \u0130\u015f\u00e7ili\u011fi Y\u00fcz\u00fck , Tamamen Ki\u015fiye \u00d6zel Tasar\u0131m , Do\u011fruluk Kuvvettir Yaz\u0131l\u0131","_seopress_robots_index":"","_kad_post_transparent":"default","_kad_post_title":"","_kad_post_layout":"default","_kad_post_sidebar_id":"","_kad_post_content_style":"default","_kad_post_vertical_padding":"default","_kad_post_feature":"","_kad_post_feature_position":"","_kad_post_header":false,"_kad_post_footer":false,"_kad_post_classname":"","_vp_format_video_url":"","_vp_image_focal_point":[]},"product_brand":[29],"product_cat":[17,15,31,23],"product_tag":[],"class_list":{"0":"post-1905","1":"product","2":"type-product","3":"status-publish","4":"has-post-thumbnail","6":"product_brand-muhr-u-cevher","7":"product_cat-erkek","8":"product_cat-genel","9":"product_cat-ozel-koleksiyonlar","10":"product_cat-yuzuk","12":"first","13":"instock","14":"sale","15":"shipping-taxable","16":"purchasable","17":"product-type-variable","18":"entry","19":"content-bg","20":"loop-entry"},"_links":{"self":[{"href":"https:\/\/www.muhrucevher.com\/index.php\/wp-json\/wp\/v2\/product\/1905","targetHints":{"allow":["GET"]}}],"collection":[{"href":"https:\/\/www.muhrucevher.com\/index.php\/wp-json\/wp\/v2\/product"}],"about":[{"href":"https:\/\/www.muhrucevher.com\/index.php\/wp-json\/wp\/v2\/types\/product"}],"wp:featuredmedia":[{"embeddable":true,"href":"https:\/\/www.muhrucevher.com\/index.php\/wp-json\/wp\/v2\/media\/1937"}],"wp:attachment":[{"href":"https:\/\/www.muhrucevher.com\/index.php\/wp-json\/wp\/v2\/media?parent=1905"}],"wp:term":[{"taxonomy":"product_brand","embeddable":true,"href":"https:\/\/www.muhrucevher.com\/index.php\/wp-json\/wp\/v2\/product_brand?post=1905"},{"taxonomy":"product_cat","embeddable":true,"href":"https:\/\/www.muhrucevher.com\/index.php\/wp-json\/wp\/v2\/product_cat?post=1905"},{"taxonomy":"product_tag","embeddable":true,"href":"https:\/\/www.muhrucevher.com\/index.php\/wp-json\/wp\/v2\/product_tag?post=1905"}],"curies":[{"name":"wp","href":"https:\/\/api.w.org\/{rel}","templated":true}]}}