{"id":270,"date":"2026-03-06T16:59:16","date_gmt":"2026-03-06T16:59:16","guid":{"rendered":"https:\/\/muhrucevher.com\/?page_id=270"},"modified":"2026-03-27T20:37:03","modified_gmt":"2026-03-27T20:37:03","slug":"iletisim","status":"publish","type":"page","link":"https:\/\/www.muhrucevher.com\/index.php\/iletisim\/","title":{"rendered":"\u0130leti\u015fim"},"content":{"rendered":"\n<div class=\"wp-block-columns alignwide are-vertically-aligned-center is-layout-flex wp-container-core-columns-is-layout-ed5226f6 wp-block-columns-is-layout-flex\" style=\"padding-right:0;padding-left:0\">\n<div class=\"wp-block-column is-vertically-aligned-center is-layout-flow wp-block-column-is-layout-flow\" style=\"padding-right:var(--wp--preset--spacing--30);padding-left:var(--wp--preset--spacing--30)\">\n<div class=\"wpcf7 no-js\" id=\"wpcf7-f17-o1\" lang=\"tr-TR\" dir=\"ltr\" data-wpcf7-id=\"17\">\n<div class=\"screen-reader-response\"><p role=\"status\" aria-live=\"polite\" aria-atomic=\"true\"><\/p> <ul><\/ul><\/div>\n<form action=\"\/index.php\/wp-json\/wp\/v2\/pages\/270#wpcf7-f17-o1\" method=\"post\" class=\"wpcf7-form init\" aria-label=\"\u0130leti\u015fim Formu\" novalidate=\"novalidate\" data-status=\"init\">\n<fieldset class=\"hidden-fields-container\"><input type=\"hidden\" name=\"_wpcf7\" value=\"17\" \/><input type=\"hidden\" name=\"_wpcf7_version\" value=\"6.1.5\" \/><input type=\"hidden\" name=\"_wpcf7_locale\" value=\"tr_TR\" \/><input type=\"hidden\" name=\"_wpcf7_unit_tag\" value=\"wpcf7-f17-o1\" \/><input type=\"hidden\" name=\"_wpcf7_container_post\" value=\"0\" \/><input type=\"hidden\" name=\"_wpcf7_posted_data_hash\" value=\"\" \/>\n<\/fieldset>\n<p><label> Ad\u0131n\u0131z<br \/>\n<span class=\"wpcf7-form-control-wrap\" data-name=\"your-name\"><input size=\"40\" maxlength=\"400\" class=\"wpcf7-form-control wpcf7-text wpcf7-validates-as-required\" autocomplete=\"name\" aria-required=\"true\" aria-invalid=\"false\" value=\"\" type=\"text\" name=\"your-name\" \/><\/span> <\/label>\n<\/p>\n<p><label> E-posta adresiniz<br \/>\n<span class=\"wpcf7-form-control-wrap\" data-name=\"your-email\"><input size=\"40\" maxlength=\"400\" class=\"wpcf7-form-control wpcf7-email wpcf7-validates-as-required wpcf7-text wpcf7-validates-as-email\" autocomplete=\"email\" aria-required=\"true\" aria-invalid=\"false\" value=\"\" type=\"email\" name=\"your-email\" \/><\/span> <\/label>\n<\/p>\n<p><label> Konu<br \/>\n<span class=\"wpcf7-form-control-wrap\" data-name=\"your-subject\"><input size=\"40\" maxlength=\"400\" class=\"wpcf7-form-control wpcf7-text wpcf7-validates-as-required\" aria-required=\"true\" aria-invalid=\"false\" value=\"\" type=\"text\" name=\"your-subject\" \/><\/span> <\/label>\n<\/p>\n<p><label> Mesaj\u0131n\u0131z\u0131 Yaz\u0131n<br \/>\n<span class=\"wpcf7-form-control-wrap\" data-name=\"your-message\"><textarea cols=\"40\" rows=\"10\" maxlength=\"2000\" class=\"wpcf7-form-control wpcf7-textarea\" aria-invalid=\"false\" name=\"your-message\"><\/textarea><\/span> <\/label>\n<\/p>\n<p><input class=\"wpcf7-form-control wpcf7-submit has-spinner\" type=\"submit\" value=\"G\u00f6nder\" \/>\n<\/p><p style=\"display: none !important;\" class=\"akismet-fields-container\" data-prefix=\"_wpcf7_ak_\"><label>&#916;<textarea name=\"_wpcf7_ak_hp_textarea\" cols=\"45\" rows=\"8\" maxlength=\"100\"><\/textarea><\/label><input type=\"hidden\" id=\"ak_js_1\" name=\"_wpcf7_ak_js\" value=\"8\"\/><script>document.getElementById( \"ak_js_1\" ).setAttribute( \"value\", ( new Date() ).getTime() );<\/script><\/p><div class=\"wpcf7-response-output\" aria-hidden=\"true\"><\/div>\n<\/form>\n<\/div>\n\n<\/div>\n\n\n\n<div class=\"wp-block-column is-vertically-aligned-center is-layout-flow wp-block-column-is-layout-flow\" style=\"padding-right:0;padding-left:0\">\n<div class=\"wp-block-media-text alignwide has-media-on-the-right is-stacked-on-mobile\" style=\"grid-template-columns:auto 58%\"><div class=\"wp-block-media-text__content\">\n<h5 class=\"wp-block-heading\">Bize Mail G\u00f6nderin<\/h5>\n\n\n\n<p>info@muhrucevher.com&nbsp;&nbsp;<\/p>\n\n\n\n<hr class=\"wp-block-separator has-alpha-channel-opacity is-style-wide\"\/>\n\n\n\n<h5 class=\"wp-block-heading\">Bizi Aray\u0131n<\/h5>\n\n\n\n<p>+905533355662<\/p>\n\n\n\n<hr class=\"wp-block-separator aligncenter has-alpha-channel-opacity is-style-wide\"\/>\n\n\n\n<h5 class=\"wp-block-heading\">Adresimiz<\/h5>\n\n\n\n<p><a href=\"https:\/\/maps.app.goo.gl\/qJTL7PAPbc3885qcA\">\u015e\u00fckran Mah. Tevfikiye Cd., Sadi \u00c7ar\u015f\u0131s\u0131 No 12 Kat 3 Daire No: 301 \/\u00a0 \u00a042040 Meram\/Konya \/ T\u00fcrkiye<\/a><\/p>\n<\/div><figure class=\"wp-block-media-text__media\"><img alt=\"\" loading=\"lazy\" decoding=\"async\" width=\"782\" height=\"313\" src=\"https:\/\/muhrucevher.com\/wp-content\/uploads\/2026\/03\/cropped-Ekran-goruntusu-2026-03-02-164128.png\" alt=\"\" class=\"wp-image-19 size-full\" srcset=\"https:\/\/www.muhrucevher.com\/wp-content\/uploads\/2026\/03\/cropped-Ekran-goruntusu-2026-03-02-164128.png 782w, https:\/\/www.muhrucevher.com\/wp-content\/uploads\/2026\/03\/cropped-Ekran-goruntusu-2026-03-02-164128-600x240.png 600w, https:\/\/www.muhrucevher.com\/wp-content\/uploads\/2026\/03\/cropped-Ekran-goruntusu-2026-03-02-164128-300x120.png 300w, https:\/\/www.muhrucevher.com\/wp-content\/uploads\/2026\/03\/cropped-Ekran-goruntusu-2026-03-02-164128-768x307.png 768w\" sizes=\"auto, (max-width: 782px) 100vw, 782px\" \/><\/figure><\/div>\n<\/div>\n<\/div>\n\n\n\t\t<div\n            id=\"wpmapblock_625f2a14\"\n            data-settings='{&quot;map_marker&quot;:[{&quot;id&quot;:&quot;0&quot;,&quot;lat&quot;:&quot;37.870798722200014&quot;,&quot;lng&quot;:&quot;32.49962398891743&quot;,&quot;title&quot;:&quot;&quot;,&quot;content&quot;:&quot;M\\u00fchr-\\u00fc Cevher Kuyumculuk&quot;,&quot;iconType&quot;:&quot;default&quot;,&quot;customIconUrl&quot;:&quot;&quot;,&quot;customIconWidth&quot;:&quot;25&quot;,&quot;customIconHeight&quot;:&quot;40&quot;}],&quot;map_zoom&quot;:&quot;20&quot;,&quot;scroll_wheel_zoom&quot;:false,&quot;map_type&quot;:&quot;GM&quot;,&quot;center_index&quot;:0}'\n            class=\"wpmapblockrender\"\n            style=\"\n\t\t\twidth: 100%;\n\t\t\theight: 500px;\n\t\t\"\n            >\n        <\/div>\n        ","protected":false},"excerpt":{"rendered":"<p>Bize Mail G\u00f6nderin info@muhrucevher.com&nbsp;&nbsp; Bizi Aray\u0131n +905533355662 Adresimiz \u015e\u00fckran Mah. Tevfikiye Cd., Sadi \u00c7ar\u015f\u0131s\u0131 No 12 Kat 3 Daire No: 301 \/\u00a0 \u00a042040 Meram\/Konya \/ T\u00fcrkiye<\/p>\n","protected":false},"author":1,"featured_media":0,"parent":0,"menu_order":0,"comment_status":"closed","ping_status":"closed","template":"","meta":{"_seopress_robots_primary_cat":"","_seopress_titles_title":"\u0130leti\u015fim %%sep%%M\u00fchr \u00fc Cevher Kuyumculuk %%sep%% El \u0130\u015fi Ki\u015fiye \u00d6zel Tasar\u0131mlar","_seopress_titles_desc":"Adres : \u015e\u00fckran Mah. Tevfikiye Cd., Sadi \u00c7ar\u015f\u0131s\u0131 No 12 Kat 3 Daire No: 301 \/\u00a0 \u00a042040 Meram\/Konya \/ T\u00fcrkiye \r\n\u0130leti\u015fim : +905533355662 Mail : info@muhrucevher.com\u00a0\u00a0","_seopress_robots_index":"","_kad_post_transparent":"default","_kad_post_title":"default","_kad_post_layout":"default","_kad_post_sidebar_id":"","_kad_post_content_style":"","_kad_post_vertical_padding":"","_kad_post_feature":"","_kad_post_feature_position":"","_kad_post_header":false,"_kad_post_footer":false,"_kad_post_classname":"","_vp_format_video_url":"","_vp_image_focal_point":[],"footnotes":""},"class_list":["post-270","page","type-page","status-publish","hentry"],"_links":{"self":[{"href":"https:\/\/www.muhrucevher.com\/index.php\/wp-json\/wp\/v2\/pages\/270","targetHints":{"allow":["GET"]}}],"collection":[{"href":"https:\/\/www.muhrucevher.com\/index.php\/wp-json\/wp\/v2\/pages"}],"about":[{"href":"https:\/\/www.muhrucevher.com\/index.php\/wp-json\/wp\/v2\/types\/page"}],"author":[{"embeddable":true,"href":"https:\/\/www.muhrucevher.com\/index.php\/wp-json\/wp\/v2\/users\/1"}],"replies":[{"embeddable":true,"href":"https:\/\/www.muhrucevher.com\/index.php\/wp-json\/wp\/v2\/comments?post=270"}],"version-history":[{"count":19,"href":"https:\/\/www.muhrucevher.com\/index.php\/wp-json\/wp\/v2\/pages\/270\/revisions"}],"predecessor-version":[{"id":3152,"href":"https:\/\/www.muhrucevher.com\/index.php\/wp-json\/wp\/v2\/pages\/270\/revisions\/3152"}],"wp:attachment":[{"href":"https:\/\/www.muhrucevher.com\/index.php\/wp-json\/wp\/v2\/media?parent=270"}],"curies":[{"name":"wp","href":"https:\/\/api.w.org\/{rel}","templated":true}]}}