{"id":2618,"date":"2026-03-23T20:58:02","date_gmt":"2026-03-23T20:58:02","guid":{"rendered":"https:\/\/www.muhrucevher.com\/?page_id=2618"},"modified":"2026-03-26T22:12:43","modified_gmt":"2026-03-26T22:12:43","slug":"hakkimizda","status":"publish","type":"page","link":"https:\/\/www.muhrucevher.com\/index.php\/hakkimizda\/","title":{"rendered":"Hakk\u0131m\u0131zda"},"content":{"rendered":"\n<div class=\"wp-block-group alignwide has-theme-palette-9-background-color has-background\" style=\"padding-top:3vw;padding-right:3vw;padding-bottom:3vw;padding-left:3vw\"><div class=\"wp-block-group__inner-container is-layout-constrained wp-container-core-group-is-layout-bf988a12 wp-block-group-is-layout-constrained\">\n<div class=\"wp-block-group is-vertical is-content-justification-left is-nowrap is-layout-flex wp-container-core-group-is-layout-ce372f44 wp-block-group-is-layout-flex\" style=\"padding-right:0;padding-left:0\">\n<h6 class=\"wp-block-heading has-text-color\" id=\"ecosystem\" style=\"color:#000000;font-size:49px\">M\u00fchr-\u00fc Cevher<\/h6>\n\n\n\n<p class=\"has-text-color\" style=\"color:#000000;font-size:5.7vw;font-style:normal;font-weight:700;letter-spacing:0px;line-height:0.9;text-decoration:none;text-transform:none\">Cevhere Vurulan M\u00fch\u00fcr<\/p>\n<\/div>\n\n\n\n<div style=\"height:32px\" aria-hidden=\"true\" class=\"wp-block-spacer\"><\/div>\n\n\n\n<div class=\"wp-block-group alignwide is-vertical is-content-justification-center is-nowrap is-layout-flex wp-container-core-group-is-layout-1dcdf647 wp-block-group-is-layout-flex\" style=\"padding-top:0;padding-right:0;padding-bottom:0;padding-left:0\">\n<div class=\"wp-block-media-text is-stacked-on-mobile is-vertically-aligned-center\" style=\"margin-top:0;margin-right:0;margin-bottom:0;margin-left:0;padding-top:0;padding-right:0;padding-bottom:0;padding-left:0;grid-template-columns:38% auto\"><figure class=\"wp-block-media-text__media\"><img alt=\"\" loading=\"lazy\" decoding=\"async\" width=\"1920\" height=\"1920\" src=\"https:\/\/www.muhrucevher.com\/wp-content\/uploads\/2026\/03\/selman-sarnicli-2008-1-1920x1920.png\" alt=\"\" class=\"wp-image-2687 size-vp_xl\" srcset=\"https:\/\/www.muhrucevher.com\/wp-content\/uploads\/2026\/03\/selman-sarnicli-2008-1-1920x1920.png 1920w, https:\/\/www.muhrucevher.com\/wp-content\/uploads\/2026\/03\/selman-sarnicli-2008-1-300x300.png 300w, https:\/\/www.muhrucevher.com\/wp-content\/uploads\/2026\/03\/selman-sarnicli-2008-1-1024x1024.png 1024w, https:\/\/www.muhrucevher.com\/wp-content\/uploads\/2026\/03\/selman-sarnicli-2008-1-150x150.png 150w, https:\/\/www.muhrucevher.com\/wp-content\/uploads\/2026\/03\/selman-sarnicli-2008-1-768x768.png 768w, https:\/\/www.muhrucevher.com\/wp-content\/uploads\/2026\/03\/selman-sarnicli-2008-1-1536x1536.png 1536w, https:\/\/www.muhrucevher.com\/wp-content\/uploads\/2026\/03\/selman-sarnicli-2008-1-500x500.png 500w, https:\/\/www.muhrucevher.com\/wp-content\/uploads\/2026\/03\/selman-sarnicli-2008-1-800x800.png 800w, https:\/\/www.muhrucevher.com\/wp-content\/uploads\/2026\/03\/selman-sarnicli-2008-1-1280x1280.png 1280w, https:\/\/www.muhrucevher.com\/wp-content\/uploads\/2026\/03\/selman-sarnicli-2008-1-600x600.png 600w, https:\/\/www.muhrucevher.com\/wp-content\/uploads\/2026\/03\/selman-sarnicli-2008-1-100x100.png 100w, https:\/\/www.muhrucevher.com\/wp-content\/uploads\/2026\/03\/selman-sarnicli-2008-1.png 2000w\" sizes=\"auto, (max-width: 1920px) 100vw, 1920px\" \/><\/figure><div class=\"wp-block-media-text__content\">\n<p>Hen\u00fcz 12 ya\u015f\u0131nda bir \u00e7ocukken 2000 y\u0131l\u0131nda kuyumculuk sekt\u00f6r\u00fcne ad\u0131m atan <strong>Selman SARNI\u00c7LI<\/strong>, azmi ve yetenekleriyle k\u0131sa s\u00fcrede sekt\u00f6rde dikkat \u00e7ekti. <\/p>\n\n\n\n<p>2015 y\u0131l\u0131nda kurmu\u015f oldu\u011fu <strong>M\u00fchr-\u00fc Cevher Kuyumculuk<\/strong>, bug\u00fcn 26 y\u0131ll\u0131k deneyime sahip k\u00f6kl\u00fc bir i\u015fletmeye d\u00f6n\u00fc\u015fm\u00fc\u015f durumdad\u0131r.<\/p>\n\n\n\n<p><strong>Selman SARNI\u00c7LI<\/strong>\u2019n\u0131n tasar\u0131mlar\u0131n\u0131n ard\u0131nda yaln\u0131zca teknik ve ustal\u0131k de\u011fil; ayn\u0131 zamanda g\u00fc\u00e7l\u00fc bir hayal g\u00fcc\u00fc, \u00f6zg\u00fcn vizyon ve T\u00fcrk-\u0130slam Medeniyeti&#8217;nin zengin motiflerinden ald\u0131\u011f\u0131 ilham yat\u0131yor.<\/p>\n\n\n\n<p>Sanat ve gelene\u011fi modern tasar\u0131mla harmanlayan <strong>SARNI\u00c7LI<\/strong>, T\u00fcrkiye\u2019nin \u00f6nde gelen \u00fcnl\u00fc isimleriyle i\u015f birliklerine imza atm\u0131\u015f, pek \u00e7ok dizi ve film karakterleri i\u00e7in \u00f6zel olarak tasarlad\u0131\u011f\u0131 \u00fcr\u00fcnleriyle eserlerini geni\u015f kitlelerle bulu\u015fturmu\u015ftur. <\/p>\n\n\n\n<p>Onun tasar\u0131mlar\u0131, sadece birer tak\u0131 de\u011fil; ayn\u0131 zamanda k\u00fclt\u00fcrel miras\u0131n g\u00fcn\u00fcm\u00fcze ta\u015f\u0131nm\u0131\u015f birer temsilcisi olarak \u00f6ne \u00e7\u0131k\u0131yor. <\/p>\n<\/div><\/div>\n<\/div>\n<\/div><\/div>\n","protected":false},"excerpt":{"rendered":"<p>M\u00fchr-\u00fc Cevher Cevhere Vurulan M\u00fch\u00fcr Hen\u00fcz 12 ya\u015f\u0131nda bir \u00e7ocukken 2000 y\u0131l\u0131nda kuyumculuk sekt\u00f6r\u00fcne ad\u0131m atan Selman SARNI\u00c7LI, azmi ve yetenekleriyle k\u0131sa s\u00fcrede sekt\u00f6rde dikkat \u00e7ekti. 2015 y\u0131l\u0131nda kurmu\u015f oldu\u011fu M\u00fchr-\u00fc Cevher Kuyumculuk, bug\u00fcn 26 y\u0131ll\u0131k deneyime sahip k\u00f6kl\u00fc bir i\u015fletmeye d\u00f6n\u00fc\u015fm\u00fc\u015f durumdad\u0131r. Selman SARNI\u00c7LI\u2019n\u0131n tasar\u0131mlar\u0131n\u0131n ard\u0131nda yaln\u0131zca teknik ve ustal\u0131k de\u011fil; ayn\u0131 zamanda g\u00fc\u00e7l\u00fc&#8230;<\/p>\n","protected":false},"author":1,"featured_media":0,"parent":0,"menu_order":0,"comment_status":"closed","ping_status":"closed","template":"","meta":{"_seopress_robots_primary_cat":"","_seopress_titles_title":"","_seopress_titles_desc":"","_seopress_robots_index":"","_kad_post_transparent":"","_kad_post_title":"","_kad_post_layout":"","_kad_post_sidebar_id":"","_kad_post_content_style":"","_kad_post_vertical_padding":"","_kad_post_feature":"","_kad_post_feature_position":"","_kad_post_header":false,"_kad_post_footer":false,"_kad_post_classname":"","_vp_format_video_url":"","_vp_image_focal_point":[],"footnotes":""},"class_list":["post-2618","page","type-page","status-publish","hentry"],"_links":{"self":[{"href":"https:\/\/www.muhrucevher.com\/index.php\/wp-json\/wp\/v2\/pages\/2618","targetHints":{"allow":["GET"]}}],"collection":[{"href":"https:\/\/www.muhrucevher.com\/index.php\/wp-json\/wp\/v2\/pages"}],"about":[{"href":"https:\/\/www.muhrucevher.com\/index.php\/wp-json\/wp\/v2\/types\/page"}],"author":[{"embeddable":true,"href":"https:\/\/www.muhrucevher.com\/index.php\/wp-json\/wp\/v2\/users\/1"}],"replies":[{"embeddable":true,"href":"https:\/\/www.muhrucevher.com\/index.php\/wp-json\/wp\/v2\/comments?post=2618"}],"version-history":[{"count":71,"href":"https:\/\/www.muhrucevher.com\/index.php\/wp-json\/wp\/v2\/pages\/2618\/revisions"}],"predecessor-version":[{"id":3081,"href":"https:\/\/www.muhrucevher.com\/index.php\/wp-json\/wp\/v2\/pages\/2618\/revisions\/3081"}],"wp:attachment":[{"href":"https:\/\/www.muhrucevher.com\/index.php\/wp-json\/wp\/v2\/media?parent=2618"}],"curies":[{"name":"wp","href":"https:\/\/api.w.org\/{rel}","templated":true}]}}